{"id":1465,"date":"2018-05-16T10:48:38","date_gmt":"2018-05-16T08:48:38","guid":{"rendered":"https:\/\/www.ckzpiran.si\/?page_id=1465"},"modified":"2023-10-04T11:04:24","modified_gmt":"2023-10-04T09:04:24","slug":"diplomiran-dietetik","status":"publish","type":"page","link":"https:\/\/www.ckzpiran.si\/?page_id=1465","title":{"rendered":"DIPLOMIRAN DIETETIK"},"content":{"rendered":"<p><strong>Kaj je DIETETIKA in zakaj obiskati DIETETIKA v Centru za krepitev zdravja?<\/strong><\/p>\n<p><strong>&nbsp;<\/strong><\/p>\n<p>Dietetik v zdravstveni dejavnosti dela na podro\u010dju dietetike, dobro pozna \u017eivila, njihovo vsebnost hranil ter uporabnost v prehrani, ocenjuje prehranjevalne navade in prehransko stanje vseh starostnih skupin ljudi, na\u010drtuje jedilnike za posameznike in za skupine prebivalcev z namenom prepre\u010devanja bolezni ter hitrej\u0161ega okrevanja bolnikov. Opravlja prehransko presejanje (obravnavo) in oceno prehranskega stanja ter sestavlja prehranski na\u010drt in spremlja u\u010dinkovitost predlaganih ukrepov. Dietetik dobro pozna tehnike za oceno vnosa in izra\u010duna potrebnih hranil ter pri svojem delu uporablja smernice in referen\u010dne vrednosti. Sestavlja jedilnike tako za zdrave kot bolne posameznike ali skupine prebivalcev. Opravlja zdravstveno vzgojno delo in svetuje posameznikom o pravilni prehrani in ustreznem na\u010dinu priprave hrane.<\/p>\n<p>&nbsp;<\/p>\n<p>Delovna podro\u010dja dietetika zajemajo: sestavljanje uravnote\u017eenih jedilnikov, sodelovanje z zdravstvenim osebjem pri obravnavi pacientov, prehransko obravnavo pacientov, zdravstveno vzgojno delo, izobra\u017eevanje posameznikov in skupin prebivalcev o zdravi prehrani in ustreznem na\u010dinu priprave hrane.<\/p>\n<p>&nbsp;<\/p>\n<p>Dietetik pri svojem delu uporablja razli\u010dna orodja za opravljanje prehranskega presejanja: tehtnico, razli\u010dne ra\u010dunalni\u0161ke programe in druge pripomo\u010dke za oceno in izra\u010dun energijskih in hranilnih potreb. Pri na\u010drtovanju jedilnikov uporablja splo\u0161na priporo\u010dila o zdravi prehrani. Za obdelavo in shranjevanje podatkov uporablja ra\u010dunalnik.<\/p>\n<p>&nbsp;<\/p>\n<p>Za pridobitev strokovnega naziva <strong>diplomirani dietetik<\/strong> je na Fakulteti za vede o zdravju Izola organiziran \u0161tudijski program, ki poteka tri leta z vklju\u010denim prakti\u010dnim usposabljanjem. \u0160tudijski program razvija kakovosten, profesionalni kader, ki zna osve\u0161\u010dati javnost in dolo\u010dene ciljne skupine prebivalstva o pomenu in na\u010dinu zdravega na\u010dina prehranjevanja za zdravje, o varnosti hrane, o varovanju in krepitvi zdravja nasploh. Prav tako so dietetiki tisti, ki lahko bistveno pripomorejo k hitrej\u0161emu okrevanju in bolj\u0161emu po\u010dutju bolnikov med in po preboleli bolezni.<\/p>\n<p>&nbsp;<\/p>\n<p>Po zaklju\u010denem \u0161tudiju in opravljeni zaklju\u010dni projektni nalogi, sledi pripravni\u0161tvo v zdravstvenemu zavodu, ki opravlja zdravstveno dejavnost in poteka devet mesecev. Zaklju\u010di se z opravljenim strokovnim izpitom in pridobitvijo naziva <strong>dipl. dietetik v zdravstveni dejavnosti<\/strong>.<\/p>\n<p>&nbsp;<\/p>\n<p>V Centru za krepitev zdravja ZD Piran je zaposlen diplomiran dietetik Tilen Frange\u0161, ki sodeluje v individualnih in skupinskih programih za krepitev zdravja, lahko pa se naro\u010dite tudi na individualne posvete preko e\u2013mail naslova: <a href=\"mailto:tilen.franges@zd-piran.si\">tilen.franges@zd-piran.si<\/a> ali pokli\u010dete na telefonsko \u0161tevilko 040 775 105.<\/p>\n<p>&nbsp;<\/p>\n<p>V Centru za krepitev zdravja bo dietetik opravljal individualno prehransko obravnavo, podal oceno prehranskega stanja in sestavil primeren ter uravnote\u017een jedilnik. Aktivno bo sodeloval pri skupinskih delavnicah Zdravo jem in Zdravo huj\u0161anje v okviru Programov svetovanja za zdravje za odrasle in predaval o zdravi prehrani v vrtcih in \u0161olah za razli\u010dne starostne kategorije otrok in njihovih star\u0161ev. Naloga dietetika bo tudi zgodnje odkrivanje in kasnej\u0161a prehranska obravnava otrok in mladostnikov, ki so ogro\u017eeni z dejavniki tveganja za razvoj bolezni in stanj, povezanih z neustreznim prehranjevanjem, \u010dezmerno hranjenostjo, debelostjo in nezdravim \u017eivljenjskim slogom in prehranska obravnava pacientov z sladkorno boleznijo tipa 2. Sodeloval bo tudi pri skupnih projektih v lokalni skupnosti Centra za krepitev zdravja, katerega sestavljajo \u0161e ostali strokovnjaki s podro\u010dja kineziologije, psihologije, fizioterapije in zdravstvene nege.<\/p>\n<p>&nbsp;<\/p>\n<p><strong>Primer individualne prehranske obravnave<\/strong><\/p>\n<p>PRVO SRE\u010cANJE zajema:<\/p>\n<ul>\n<li>oceno trenutnega prehranskega stanja pacienta,<\/li>\n<li>zapis pacientove telesne mase, telesne vi\u0161ine in starosti,<\/li>\n<li>zapis stopnje te\u017eavnosti delovnega mesta in stopnje dnevne aktivnosti,<\/li>\n<li>zapis \u017eelje pacienta po izgubljanju, ohranjanju ali pridobivanju telesne mase,<\/li>\n<li>zapis finan\u010dnih zmo\u017enosti pri nakupovanju \u017eivil in katera \u017eivila so tista, ki jih pacient ne u\u017eiva zaradi morebitnih pridru\u017eenih zdravstvenih te\u017eav.<\/li>\n<\/ul>\n<p>DRUGO SRE\u010cANJE zajema predstavitev novega prehranskega na\u010drta, ki vklju\u010duje izra\u010dun bazalne presnove, hranilnih in energijskih potreb, ki so razporejene v petih obrokih dnevno.<\/p>\n<p>TRETJE SRE\u010cANJE zajema spremljanje nihanja telesne mase, oceno uspe\u0161nosti prilagajanja novemu re\u017eimu prehranjevanja in izpolnjevanju prehranskega na\u010drta.<\/p>\n<p>\u010cETRTO SRE\u010cANJE zajema:<\/p>\n<ul>\n<li>ugotovitve o uspe\u0161nosti napredka za kon\u010dno dosego zastavljenega cilja,<\/li>\n<li>pogovor o morebitnih \u017eelenih spremembah dolo\u010denega prehranskega na\u010drta, zaradi neustreznosti posameznega obroka ali \u017eivila in<\/li>\n<li>predstavitev mo\u017enih zamenjav, ki bodo energijsko in hranilno enakovredne.<\/li>\n<\/ul>\n<p>&nbsp;<\/p>\n<p>\u010ce imate urejeno obvezno zdravstveno zavarovanje, sta preventivni pregled in udele\u017eba v Programu za krepitev zdravja za vas BREZPLA\u010cNA.<\/p>\n<p>&nbsp;<\/p>\n<p>&#8212;&#8212;&#8212;&#8212;&#8212;&#8212;&#8212;&#8212;&#8212;&#8211;<\/p>\n<p>Viri:<\/p>\n<p>https:\/\/www.ess.gov.si\/ncips\/cips\/opisi_poklicev\/opis_poklica?Kljuc=2722<\/p>\n<p>http:\/\/www.fvz.upr.si\/sl\/bodoci-student\/dodiplomski-studij\/prehransko-svetovanje-dietetika<\/p>\n","protected":false},"excerpt":{"rendered":"<p>Kaj je DIETETIKA in zakaj obiskati DIETETIKA v Centru za krepitev zdravja? &nbsp; Dietetik v zdravstveni dejavnosti dela na podro\u010dju dietetike, dobro pozna \u017eivila, njihovo vsebnost hranil ter uporabnost v &#8230;<\/p>\n","protected":false},"author":1,"featured_media":0,"parent":0,"menu_order":0,"comment_status":"closed","ping_status":"closed","template":"","meta":{"footnotes":""},"class_list":["post-1465","page","type-page","status-publish","hentry"],"_links":{"self":[{"href":"https:\/\/www.ckzpiran.si\/index.php?rest_route=\/wp\/v2\/pages\/1465","targetHints":{"allow":["GET"]}}],"collection":[{"href":"https:\/\/www.ckzpiran.si\/index.php?rest_route=\/wp\/v2\/pages"}],"about":[{"href":"https:\/\/www.ckzpiran.si\/index.php?rest_route=\/wp\/v2\/types\/page"}],"author":[{"embeddable":true,"href":"https:\/\/www.ckzpiran.si\/index.php?rest_route=\/wp\/v2\/users\/1"}],"replies":[{"embeddable":true,"href":"https:\/\/www.ckzpiran.si\/index.php?rest_route=%2Fwp%2Fv2%2Fcomments&post=1465"}],"version-history":[{"count":4,"href":"https:\/\/www.ckzpiran.si\/index.php?rest_route=\/wp\/v2\/pages\/1465\/revisions"}],"predecessor-version":[{"id":2718,"href":"https:\/\/www.ckzpiran.si\/index.php?rest_route=\/wp\/v2\/pages\/1465\/revisions\/2718"}],"wp:attachment":[{"href":"https:\/\/www.ckzpiran.si\/index.php?rest_route=%2Fwp%2Fv2%2Fmedia&parent=1465"}],"curies":[{"name":"wp","href":"https:\/\/api.w.org\/{rel}","templated":true}]}}